{"id":106368,"date":"2022-01-24T20:34:47","date_gmt":"2022-01-24T17:34:47","guid":{"rendered":"https:\/\/academyclub.co\/urun\/virtual-reality-for-metaverse\/"},"modified":"2025-12-11T09:39:02","modified_gmt":"2025-12-11T06:39:02","slug":"virtual-reality-for-metaverse","status":"publish","type":"product","link":"https:\/\/academyclub.co\/en\/urun\/virtual-reality-for-metaverse\/","title":{"rendered":"Virtual Reality for Metaverse"},"content":{"rendered":"[vc_row type=&#8221;full_width_content&#8221; full_screen_row_position=&#8221;middle&#8221; column_margin=&#8221;default&#8221; scene_position=&#8221;center&#8221; text_color=&#8221;dark&#8221; text_align=&#8221;center&#8221; overlay_strength=&#8221;0.3&#8243; shape_divider_position=&#8221;bottom&#8221; bg_image_animation=&#8221;none&#8221; shape_type=&#8221;&#8221;][vc_column column_padding=&#8221;no-extra-padding&#8221; column_padding_position=&#8221;all&#8221; background_color_opacity=&#8221;1&#8243; background_hover_color_opacity=&#8221;1&#8243; column_link_target=&#8221;_self&#8221; column_shadow=&#8221;none&#8221; column_border_radius=&#8221;none&#8221; width=&#8221;1\/1&#8243; tablet_width_inherit=&#8221;default&#8221; tablet_text_alignment=&#8221;default&#8221; phone_text_alignment=&#8221;default&#8221; overlay_strength=&#8221;0.3&#8243; column_border_width=&#8221;none&#8221; column_border_style=&#8221;solid&#8221; bg_image_animation=&#8221;none&#8221;][image_with_animation image_url=&#8221;103114&#8243; alignment=&#8221;center&#8221; animation=&#8221;Fade In&#8221; hover_animation=&#8221;none&#8221; border_radius=&#8221;none&#8221; box_shadow=&#8221;none&#8221; image_loading=&#8221;default&#8221; max_width=&#8221;100%&#8221; max_width_mobile=&#8221;default&#8221;][\/vc_column][\/vc_row][vc_row type=&#8221;in_container&#8221; full_screen_row_position=&#8221;middle&#8221; column_margin=&#8221;default&#8221; scene_position=&#8221;center&#8221; text_color=&#8221;dark&#8221; text_align=&#8221;center&#8221; top_padding=&#8221;3%&#8221; overlay_strength=&#8221;0.3&#8243; shape_divider_position=&#8221;bottom&#8221; bg_image_animation=&#8221;none&#8221; shape_type=&#8221;&#8221;][vc_column column_padding=&#8221;padding-2-percent&#8221; column_padding_position=&#8221;left-right&#8221; background_color_opacity=&#8221;1&#8243; background_hover_color_opacity=&#8221;1&#8243; column_link_target=&#8221;_self&#8221; column_shadow=&#8221;none&#8221; column_border_radius=&#8221;none&#8221; width=&#8221;1\/1&#8243; tablet_width_inherit=&#8221;default&#8221; tablet_text_alignment=&#8221;default&#8221; phone_text_alignment=&#8221;default&#8221; overlay_strength=&#8221;0.3&#8243; column_border_width=&#8221;none&#8221; column_border_style=&#8221;solid&#8221; bg_image_animation=&#8221;none&#8221;][vc_custom_heading text=&#8221;Online: Virtual Reality for Metaverse&#8221; font_container=&#8221;tag:h2|font_size:32px|text_align:center|color:%23000000|line_height:32px&#8221; use_theme_fonts=&#8221;yes&#8221;][divider line_type=&#8221;No Line&#8221; custom_height=&#8221;32&#8243;][\/vc_column][\/vc_row][vc_row type=&#8221;full_width_background&#8221; full_screen_row_position=&#8221;middle&#8221; column_margin=&#8221;default&#8221; scene_position=&#8221;center&#8221; text_color=&#8221;dark&#8221; text_align=&#8221;left&#8221; top_padding=&#8221;2%&#8221; bottom_padding=&#8221;4%&#8221; id=&#8221;footage&#8221; row_name=&#8221;Action Footage&#8221; overlay_strength=&#8221;0.3&#8243; shape_divider_position=&#8221;bottom&#8221; bg_image_animation=&#8221;none&#8221; shape_type=&#8221;&#8221;][vc_column centered_text=&#8221;true&#8221; column_padding=&#8221;no-extra-padding&#8221; column_padding_position=&#8221;all&#8221; background_color_opacity=&#8221;1&#8243; background_hover_color_opacity=&#8221;1&#8243; column_link_target=&#8221;_self&#8221; column_shadow=&#8221;none&#8221; column_border_radius=&#8221;none&#8221; width=&#8221;1\/1&#8243; tablet_width_inherit=&#8221;default&#8221; tablet_text_alignment=&#8221;default&#8221; phone_text_alignment=&#8221;default&#8221; overlay_strength=&#8221;0.3&#8243; column_border_width=&#8221;none&#8221; column_border_style=&#8221;solid&#8221; bg_image_animation=&#8221;none&#8221;][vc_column_text]\n<p class=\"reader-text-block__paragraph\">This demo tutorial is about a word that has been talked about more and more in the world of digital technology, especially in recent months: Metaverse! We want to be part of the Metaverse, the future of the Internet in a transforming and changing world. But how?<\/p>\n<p class=\"post-title entry-title\">We will enter the VR world with a quick demo with our Unity certified trainer Tolgay H\u0131\u00e7k\u0131ran.<\/p>\n<p>Register now for this training where you can find and ask everything you are curious about![\/vc_column_text][\/vc_column][\/vc_row][vc_row type=&#8221;full_width_background&#8221; full_screen_row_position=&#8221;middle&#8221; column_margin=&#8221;default&#8221; scene_position=&#8221;center&#8221; text_color=&#8221;dark&#8221; text_align=&#8221;center&#8221; top_padding=&#8221;2%&#8221; bottom_padding=&#8221;4%&#8221; id=&#8221;footage&#8221; row_name=&#8221;Action Footage&#8221; overlay_strength=&#8221;0.3&#8243; shape_divider_position=&#8221;bottom&#8221; bg_image_animation=&#8221;none&#8221; shape_type=&#8221;&#8221;][vc_column column_padding=&#8221;no-extra-padding&#8221; column_padding_position=&#8221;all&#8221; background_color_opacity=&#8221;1&#8243; background_hover_color_opacity=&#8221;1&#8243; column_link_target=&#8221;_self&#8221; column_shadow=&#8221;none&#8221; column_border_radius=&#8221;none&#8221; width=&#8221;1\/1&#8243; tablet_width_inherit=&#8221;default&#8221; tablet_text_alignment=&#8221;default&#8221; phone_text_alignment=&#8221;default&#8221; overlay_strength=&#8221;0.3&#8243; column_border_width=&#8221;none&#8221; column_border_style=&#8221;solid&#8221; bg_image_animation=&#8221;none&#8221;][nectar_btn size=&#8221;jumbo&#8221; button_style=&#8221;regular&#8221; button_color_2=&#8221;Extra-Color-2&#8243; icon_family=&#8221;none&#8221; url=&#8221;https:\/\/docs.google.com\/forms\/d\/e\/1FAIpQLSfCPL5fhc25ekz5MoEL1P8rnFRfJMB01phTw02T9p_3aRX6cA\/viewform?usp=sf_link&#8221; text=&#8221;Apply&#8221; margin_right=&#8221;10px&#8221; margin_left=&#8221;10px&#8221;][\/vc_column][\/vc_row][vc_row type=&#8221;full_width_background&#8221; full_screen_row_position=&#8221;middle&#8221; equal_height=&#8221;yes&#8221; content_placement=&#8221;middle&#8221; column_margin=&#8221;default&#8221; bg_image=&#8221;103113&#8243; bg_position=&#8221;center center&#8221; bg_repeat=&#8221;no-repeat&#8221; scene_position=&#8221;center&#8221; text_color=&#8221;light&#8221; text_align=&#8221;left&#8221; top_padding=&#8221;5%&#8221; bottom_padding=&#8221;5%&#8221; overlay_strength=&#8221;0.8&#8243; shape_divider_position=&#8221;bottom&#8221; shape_divider_height=&#8221;350&#8243; bg_image_animation=&#8221;none&#8221; parallax_bg=&#8221;true&#8221; parallax_bg_speed=&#8221;fixed&#8221; shape_type=&#8221;mountains&#8221;][vc_column column_padding=&#8221;no-extra-padding&#8221; column_padding_position=&#8221;all&#8221; background_color_opacity=&#8221;1&#8243; background_hover_color_opacity=&#8221;1&#8243; column_link_target=&#8221;_self&#8221; column_shadow=&#8221;none&#8221; column_border_radius=&#8221;none&#8221; width=&#8221;1\/1&#8243; tablet_width_inherit=&#8221;default&#8221; tablet_text_alignment=&#8221;default&#8221; phone_text_alignment=&#8221;default&#8221; overlay_strength=&#8221;0.3&#8243; column_border_width=&#8221;none&#8221; column_border_style=&#8221;solid&#8221; bg_image_animation=&#8221;none&#8221;][vc_column_text]As VR technology becomes more advanced and available, there will be more activity in the metaverse in virtual form.<\/p>\n<p>For example, you will be able to visit a bank, an art gallery or a movie theater, browse items in a virtual store or meet each other to play games. These will all be in virtual reality spaces connected by the metaverse.[\/vc_column_text][\/vc_column][\/vc_row][vc_row type=&#8221;in_container&#8221; full_screen_row_position=&#8221;middle&#8221; column_margin=&#8221;default&#8221; scene_position=&#8221;center&#8221; text_color=&#8221;dark&#8221; text_align=&#8221;left&#8221; top_padding=&#8221;3%&#8221; overlay_strength=&#8221;0.3&#8243; shape_divider_position=&#8221;bottom&#8221; bg_image_animation=&#8221;none&#8221; shape_type=&#8221;&#8221;][vc_column column_padding=&#8221;no-extra-padding&#8221; column_padding_position=&#8221;all&#8221; background_color_opacity=&#8221;1&#8243; background_hover_color_opacity=&#8221;1&#8243; column_link_target=&#8221;_self&#8221; column_shadow=&#8221;none&#8221; column_border_radius=&#8221;none&#8221; width=&#8221;1\/1&#8243; tablet_width_inherit=&#8221;default&#8221; tablet_text_alignment=&#8221;default&#8221; phone_text_alignment=&#8221;default&#8221; overlay_strength=&#8221;0.3&#8243; column_border_width=&#8221;none&#8221; column_border_style=&#8221;solid&#8221; bg_image_animation=&#8221;none&#8221;][toggles style=&#8221;minimal&#8221;][toggle color=&#8221;Default&#8221; title=&#8221;Why Should You Take This Training?&#8221;][vc_column_text]In this period when the Metaverse is in vogue and will become more and more important<\/p>\n<p>We will go over what you can do in VR using Unity,<br \/>\nhow you can create your stores,<br \/>\nhow you can make designs and codes.<\/p>\n<p>There will also be a question and answer section at the end of the demo.[\/vc_column_text][\/toggle][toggle color=&#8221;Extra-Color-2&#8243; title=&#8221;Who Can Participate?&#8221;][vc_column_text]Interested people from all walks of life and all sectors are welcome to participate.[\/vc_column_text][\/toggle][\/toggles][vc_column_text]\n[\/vc_column_text][\/vc_column][\/vc_row][vc_row type=&#8221;in_container&#8221; full_screen_row_position=&#8221;middle&#8221; column_margin=&#8221;default&#8221; scene_position=&#8221;center&#8221; text_color=&#8221;dark&#8221; text_align=&#8221;left&#8221; id=&#8221;bilgi&#8221; overlay_strength=&#8221;0.3&#8243; shape_divider_position=&#8221;bottom&#8221; bg_image_animation=&#8221;none&#8221; shape_type=&#8221;&#8221;][vc_column column_padding=&#8221;no-extra-padding&#8221; column_padding_position=&#8221;all&#8221; background_color_opacity=&#8221;1&#8243; background_hover_color_opacity=&#8221;1&#8243; column_link_target=&#8221;_self&#8221; column_shadow=&#8221;none&#8221; column_border_radius=&#8221;none&#8221; width=&#8221;1\/1&#8243; tablet_width_inherit=&#8221;default&#8221; tablet_text_alignment=&#8221;default&#8221; phone_text_alignment=&#8221;default&#8221; overlay_strength=&#8221;0.3&#8243; column_border_width=&#8221;none&#8221; column_border_style=&#8221;solid&#8221; bg_image_animation=&#8221;none&#8221;][divider line_type=&#8221;No Line&#8221; custom_height=&#8221;20&#8243;][\/vc_column][\/vc_row][vc_row type=&#8221;in_container&#8221; full_screen_row_position=&#8221;middle&#8221; column_margin=&#8221;default&#8221; scene_position=&#8221;center&#8221; text_color=&#8221;dark&#8221; text_align=&#8221;left&#8221; disable_element=&#8221;yes&#8221; overlay_strength=&#8221;0.3&#8243; shape_divider_position=&#8221;bottom&#8221; bg_image_animation=&#8221;none&#8221; shape_type=&#8221;&#8221;][vc_column column_padding=&#8221;no-extra-padding&#8221; column_padding_position=&#8221;all&#8221; background_color_opacity=&#8221;1&#8243; background_hover_color_opacity=&#8221;1&#8243; column_link_target=&#8221;_self&#8221; column_shadow=&#8221;none&#8221; column_border_radius=&#8221;none&#8221; width=&#8221;1\/1&#8243; tablet_width_inherit=&#8221;default&#8221; tablet_text_alignment=&#8221;default&#8221; phone_text_alignment=&#8221;default&#8221; overlay_strength=&#8221;0.3&#8243; column_border_width=&#8221;none&#8221; column_border_style=&#8221;solid&#8221; bg_image_animation=&#8221;none&#8221;][vc_column_text]\n<h2 style=\"text-align: center;\">GET EDUCATION INFORMATION<\/h2>\n[\/vc_column_text][vc_row_inner equal_height=&#8221;yes&#8221; content_placement=&#8221;top&#8221; column_margin=&#8221;default&#8221; text_align=&#8221;left&#8221;][vc_column_inner column_padding=&#8221;padding-5-percent&#8221; column_padding_position=&#8221;all&#8221; background_color_opacity=&#8221;1&#8243; background_hover_color_opacity=&#8221;1&#8243; column_shadow=&#8221;none&#8221; column_border_radius=&#8221;none&#8221; column_link_target=&#8221;_self&#8221; width=&#8221;1\/4&#8243; tablet_width_inherit=&#8221;default&#8221; overlay_strength=&#8221;0.3&#8243; column_border_width=&#8221;none&#8221; column_border_style=&#8221;solid&#8221; bg_image_animation=&#8221;none&#8221;][\/vc_column_inner][vc_column_inner column_padding=&#8221;padding-2-percent&#8221; column_padding_position=&#8221;all&#8221; background_color_opacity=&#8221;1&#8243; background_hover_color_opacity=&#8221;1&#8243; column_shadow=&#8221;none&#8221; column_border_radius=&#8221;none&#8221; column_link_target=&#8221;_self&#8221; el_class=&#8221;egitimci-form&#8221; width=&#8221;1\/2&#8243; tablet_width_inherit=&#8221;default&#8221; overlay_strength=&#8221;0.3&#8243; column_border_width=&#8221;none&#8221; column_border_style=&#8221;solid&#8221; bg_image_animation=&#8221;none&#8221;][vc_raw_html]W2NhbGRlcmFfZm9ybSBpZD0iQ0Y2MDliZDQ5MDY1NTdmIl0=[\/vc_raw_html][\/vc_column_inner][vc_column_inner column_padding=&#8221;no-extra-padding&#8221; column_padding_position=&#8221;all&#8221; background_color_opacity=&#8221;1&#8243; background_hover_color_opacity=&#8221;1&#8243; column_shadow=&#8221;none&#8221; column_border_radius=&#8221;none&#8221; column_link_target=&#8221;_self&#8221; width=&#8221;1\/4&#8243; tablet_width_inherit=&#8221;default&#8221; overlay_strength=&#8221;0.3&#8243; column_border_width=&#8221;none&#8221; column_border_style=&#8221;solid&#8221; bg_image_animation=&#8221;none&#8221;][\/vc_column_inner][\/vc_row_inner][\/vc_column][\/vc_row]\n","protected":false},"excerpt":{"rendered":"<p>[vc_row type=&#8221;full_width_content&#8221; full_screen_row_position=&#8221;middle&#8221; column_margin=&#8221;default&#8221; scene_position=&#8221;center&#8221; text_color=&#8221;dark&#8221; text_align=&#8221;center&#8221; overlay_strength=&#8221;0.3&#8243; shape_divider_position=&#8221;bottom&#8221; bg_image_animation=&#8221;none&#8221; shape_type=&#8221;&#8221;][vc_column column_padding=&#8221;no-extra-padding&#8221; column_padding_position=&#8221;all&#8221; background_color_opacity=&#8221;1&#8243; background_hover_color_opacity=&#8221;1&#8243; column_link_target=&#8221;_self&#8221; column_shadow=&#8221;none&#8221; column_border_radius=&#8221;none&#8221; width=&#8221;1\/1&#8243; tablet_width_inherit=&#8221;default&#8221; tablet_text_alignment=&#8221;default&#8221; phone_text_alignment=&#8221;default&#8221; overlay_strength=&#8221;0.3&#8243; column_border_width=&#8221;none&#8221; column_border_style=&#8221;solid&#8221;&#8230;<\/p>\n","protected":false},"featured_media":108902,"template":"","meta":[],"product_brand":[],"product_cat":[245,417],"product_tag":[],"class_list":{"0":"post-106368","1":"product","2":"type-product","3":"status-publish","4":"has-post-thumbnail","6":"product_cat-general","7":"product_cat-tolgay-hickiran-en","9":"first","10":"outofstock","11":"shipping-taxable","12":"product-type-simple"},"yoast_head":"<!-- This site is optimized with the Yoast SEO plugin v26.5 - https:\/\/yoast.com\/wordpress\/plugins\/seo\/ -->\n<title>Virtual Reality for Metaverse - Academy Club<\/title>\n<meta name=\"description\" content=\"We will enter the VR world with a quick demo. Register now for this training where you can find and ask everything you are curious about!\" \/>\n<meta name=\"robots\" content=\"index, follow, max-snippet:-1, max-image-preview:large, max-video-preview:-1\" \/>\n<link rel=\"canonical\" href=\"https:\/\/academyclub.co\/en\/urun\/virtual-reality-for-metaverse\/\" \/>\n<meta property=\"og:locale\" content=\"en_US\" \/>\n<meta property=\"og:type\" content=\"article\" \/>\n<meta property=\"og:title\" content=\"Virtual Reality for Metaverse - Academy Club\" \/>\n<meta property=\"og:description\" content=\"We will enter the VR world with a quick demo. Register now for this training where you can find and ask everything you are curious about!\" \/>\n<meta property=\"og:url\" content=\"https:\/\/academyclub.co\/en\/urun\/virtual-reality-for-metaverse\/\" \/>\n<meta property=\"og:site_name\" content=\"Academy Club\" \/>\n<meta property=\"article:publisher\" content=\"https:\/\/www.facebook.com\/academyclubtr\/\" \/>\n<meta property=\"article:modified_time\" content=\"2025-12-11T06:39:02+00:00\" \/>\n<meta property=\"og:image\" content=\"https:\/\/academyclub.co\/wp-content\/uploads\/2022\/01\/5.webp\" \/>\n\t<meta property=\"og:image:width\" content=\"500\" \/>\n\t<meta property=\"og:image:height\" content=\"700\" \/>\n\t<meta property=\"og:image:type\" content=\"image\/webp\" \/>\n<meta name=\"twitter:card\" content=\"summary_large_image\" \/>\n<meta name=\"twitter:label1\" content=\"Est. reading time\" \/>\n\t<meta name=\"twitter:data1\" content=\"7 minutes\" \/>\n<script type=\"application\/ld+json\" class=\"yoast-schema-graph\">{\"@context\":\"https:\/\/schema.org\",\"@graph\":[{\"@type\":\"WebPage\",\"@id\":\"https:\/\/academyclub.co\/en\/urun\/virtual-reality-for-metaverse\/\",\"url\":\"https:\/\/academyclub.co\/en\/urun\/virtual-reality-for-metaverse\/\",\"name\":\"Virtual Reality for Metaverse - Academy Club\",\"isPartOf\":{\"@id\":\"https:\/\/academyclub.co\/en\/#website\"},\"primaryImageOfPage\":{\"@id\":\"https:\/\/academyclub.co\/en\/urun\/virtual-reality-for-metaverse\/#primaryimage\"},\"image\":{\"@id\":\"https:\/\/academyclub.co\/en\/urun\/virtual-reality-for-metaverse\/#primaryimage\"},\"thumbnailUrl\":\"https:\/\/academyclub.co\/wp-content\/uploads\/2022\/01\/5.webp\",\"datePublished\":\"2022-01-24T17:34:47+00:00\",\"dateModified\":\"2025-12-11T06:39:02+00:00\",\"description\":\"We will enter the VR world with a quick demo. Register now for this training where you can find and ask everything you are curious about!\",\"breadcrumb\":{\"@id\":\"https:\/\/academyclub.co\/en\/urun\/virtual-reality-for-metaverse\/#breadcrumb\"},\"inLanguage\":\"en-US\",\"potentialAction\":[{\"@type\":\"ReadAction\",\"target\":[\"https:\/\/academyclub.co\/en\/urun\/virtual-reality-for-metaverse\/\"]}]},{\"@type\":\"ImageObject\",\"inLanguage\":\"en-US\",\"@id\":\"https:\/\/academyclub.co\/en\/urun\/virtual-reality-for-metaverse\/#primaryimage\",\"url\":\"https:\/\/academyclub.co\/wp-content\/uploads\/2022\/01\/5.webp\",\"contentUrl\":\"https:\/\/academyclub.co\/wp-content\/uploads\/2022\/01\/5.webp\",\"width\":500,\"height\":700,\"caption\":\"Virtual Reality For Metaverse\"},{\"@type\":\"BreadcrumbList\",\"@id\":\"https:\/\/academyclub.co\/en\/urun\/virtual-reality-for-metaverse\/#breadcrumb\",\"itemListElement\":[{\"@type\":\"ListItem\",\"position\":1,\"name\":\"Home page\",\"item\":\"https:\/\/academyclub.co\/en\/\"},{\"@type\":\"ListItem\",\"position\":2,\"name\":\"Products\",\"item\":\"https:\/\/academyclub.co\/en\/shop\/\"},{\"@type\":\"ListItem\",\"position\":3,\"name\":\"Virtual Reality for Metaverse\"}]},{\"@type\":\"WebSite\",\"@id\":\"https:\/\/academyclub.co\/en\/#website\",\"url\":\"https:\/\/academyclub.co\/en\/\",\"name\":\"Academy Club\",\"description\":\"Your Innovative Education Solution Partner\",\"publisher\":{\"@id\":\"https:\/\/academyclub.co\/en\/#organization\"},\"potentialAction\":[{\"@type\":\"SearchAction\",\"target\":{\"@type\":\"EntryPoint\",\"urlTemplate\":\"https:\/\/academyclub.co\/en\/?s={search_term_string}\"},\"query-input\":{\"@type\":\"PropertyValueSpecification\",\"valueRequired\":true,\"valueName\":\"search_term_string\"}}],\"inLanguage\":\"en-US\"},{\"@type\":\"Organization\",\"@id\":\"https:\/\/academyclub.co\/en\/#organization\",\"name\":\"Academy Club\",\"url\":\"https:\/\/academyclub.co\/en\/\",\"logo\":{\"@type\":\"ImageObject\",\"inLanguage\":\"en-US\",\"@id\":\"https:\/\/academyclub.co\/en\/#\/schema\/logo\/image\/\",\"url\":\"https:\/\/academyclub.co\/wp-content\/uploads\/2022\/07\/academy-siyahAsset-16-1.png\",\"contentUrl\":\"https:\/\/academyclub.co\/wp-content\/uploads\/2022\/07\/academy-siyahAsset-16-1.png\",\"width\":570,\"height\":92,\"caption\":\"Academy Club\"},\"image\":{\"@id\":\"https:\/\/academyclub.co\/en\/#\/schema\/logo\/image\/\"},\"sameAs\":[\"https:\/\/www.facebook.com\/academyclubtr\/\",\"https:\/\/www.instagram.com\/academyclubtr\/?hl=tr\",\"https:\/\/www.linkedin.com\/company\/academy-clubtr\/\",\"https:\/\/discord.io\/academyclub\"]}]}<\/script>\n<!-- \/ Yoast SEO plugin. -->","yoast_head_json":{"title":"Virtual Reality for Metaverse - Academy Club","description":"We will enter the VR world with a quick demo. Register now for this training where you can find and ask everything you are curious about!","robots":{"index":"index","follow":"follow","max-snippet":"max-snippet:-1","max-image-preview":"max-image-preview:large","max-video-preview":"max-video-preview:-1"},"canonical":"https:\/\/academyclub.co\/en\/urun\/virtual-reality-for-metaverse\/","og_locale":"en_US","og_type":"article","og_title":"Virtual Reality for Metaverse - Academy Club","og_description":"We will enter the VR world with a quick demo. Register now for this training where you can find and ask everything you are curious about!","og_url":"https:\/\/academyclub.co\/en\/urun\/virtual-reality-for-metaverse\/","og_site_name":"Academy Club","article_publisher":"https:\/\/www.facebook.com\/academyclubtr\/","article_modified_time":"2025-12-11T06:39:02+00:00","og_image":[{"width":500,"height":700,"url":"https:\/\/academyclub.co\/wp-content\/uploads\/2022\/01\/5.webp","type":"image\/webp"}],"twitter_card":"summary_large_image","twitter_misc":{"Est. reading time":"7 minutes"},"schema":{"@context":"https:\/\/schema.org","@graph":[{"@type":"WebPage","@id":"https:\/\/academyclub.co\/en\/urun\/virtual-reality-for-metaverse\/","url":"https:\/\/academyclub.co\/en\/urun\/virtual-reality-for-metaverse\/","name":"Virtual Reality for Metaverse - Academy Club","isPartOf":{"@id":"https:\/\/academyclub.co\/en\/#website"},"primaryImageOfPage":{"@id":"https:\/\/academyclub.co\/en\/urun\/virtual-reality-for-metaverse\/#primaryimage"},"image":{"@id":"https:\/\/academyclub.co\/en\/urun\/virtual-reality-for-metaverse\/#primaryimage"},"thumbnailUrl":"https:\/\/academyclub.co\/wp-content\/uploads\/2022\/01\/5.webp","datePublished":"2022-01-24T17:34:47+00:00","dateModified":"2025-12-11T06:39:02+00:00","description":"We will enter the VR world with a quick demo. Register now for this training where you can find and ask everything you are curious about!","breadcrumb":{"@id":"https:\/\/academyclub.co\/en\/urun\/virtual-reality-for-metaverse\/#breadcrumb"},"inLanguage":"en-US","potentialAction":[{"@type":"ReadAction","target":["https:\/\/academyclub.co\/en\/urun\/virtual-reality-for-metaverse\/"]}]},{"@type":"ImageObject","inLanguage":"en-US","@id":"https:\/\/academyclub.co\/en\/urun\/virtual-reality-for-metaverse\/#primaryimage","url":"https:\/\/academyclub.co\/wp-content\/uploads\/2022\/01\/5.webp","contentUrl":"https:\/\/academyclub.co\/wp-content\/uploads\/2022\/01\/5.webp","width":500,"height":700,"caption":"Virtual Reality For Metaverse"},{"@type":"BreadcrumbList","@id":"https:\/\/academyclub.co\/en\/urun\/virtual-reality-for-metaverse\/#breadcrumb","itemListElement":[{"@type":"ListItem","position":1,"name":"Home page","item":"https:\/\/academyclub.co\/en\/"},{"@type":"ListItem","position":2,"name":"Products","item":"https:\/\/academyclub.co\/en\/shop\/"},{"@type":"ListItem","position":3,"name":"Virtual Reality for Metaverse"}]},{"@type":"WebSite","@id":"https:\/\/academyclub.co\/en\/#website","url":"https:\/\/academyclub.co\/en\/","name":"Academy Club","description":"Your Innovative Education Solution Partner","publisher":{"@id":"https:\/\/academyclub.co\/en\/#organization"},"potentialAction":[{"@type":"SearchAction","target":{"@type":"EntryPoint","urlTemplate":"https:\/\/academyclub.co\/en\/?s={search_term_string}"},"query-input":{"@type":"PropertyValueSpecification","valueRequired":true,"valueName":"search_term_string"}}],"inLanguage":"en-US"},{"@type":"Organization","@id":"https:\/\/academyclub.co\/en\/#organization","name":"Academy Club","url":"https:\/\/academyclub.co\/en\/","logo":{"@type":"ImageObject","inLanguage":"en-US","@id":"https:\/\/academyclub.co\/en\/#\/schema\/logo\/image\/","url":"https:\/\/academyclub.co\/wp-content\/uploads\/2022\/07\/academy-siyahAsset-16-1.png","contentUrl":"https:\/\/academyclub.co\/wp-content\/uploads\/2022\/07\/academy-siyahAsset-16-1.png","width":570,"height":92,"caption":"Academy Club"},"image":{"@id":"https:\/\/academyclub.co\/en\/#\/schema\/logo\/image\/"},"sameAs":["https:\/\/www.facebook.com\/academyclubtr\/","https:\/\/www.instagram.com\/academyclubtr\/?hl=tr","https:\/\/www.linkedin.com\/company\/academy-clubtr\/","https:\/\/discord.io\/academyclub"]}]}},"_links":{"self":[{"href":"https:\/\/academyclub.co\/en\/wp-json\/wp\/v2\/product\/106368","targetHints":{"allow":["GET"]}}],"collection":[{"href":"https:\/\/academyclub.co\/en\/wp-json\/wp\/v2\/product"}],"about":[{"href":"https:\/\/academyclub.co\/en\/wp-json\/wp\/v2\/types\/product"}],"wp:featuredmedia":[{"embeddable":true,"href":"https:\/\/academyclub.co\/en\/wp-json\/wp\/v2\/media\/108902"}],"wp:attachment":[{"href":"https:\/\/academyclub.co\/en\/wp-json\/wp\/v2\/media?parent=106368"}],"wp:term":[{"taxonomy":"product_brand","embeddable":true,"href":"https:\/\/academyclub.co\/en\/wp-json\/wp\/v2\/product_brand?post=106368"},{"taxonomy":"product_cat","embeddable":true,"href":"https:\/\/academyclub.co\/en\/wp-json\/wp\/v2\/product_cat?post=106368"},{"taxonomy":"product_tag","embeddable":true,"href":"https:\/\/academyclub.co\/en\/wp-json\/wp\/v2\/product_tag?post=106368"}],"curies":[{"name":"wp","href":"https:\/\/api.w.org\/{rel}","templated":true}]}}