{"id":108564,"date":"2023-02-22T08:13:23","date_gmt":"2023-02-22T05:13:23","guid":{"rendered":"https:\/\/academyclub.co\/urun\/personal-information-security-personal-data-protection-kvkk-training\/"},"modified":"2026-01-20T10:52:47","modified_gmt":"2026-01-20T07:52:47","slug":"personal-information-security-personal-data-protection-kvkk-training","status":"publish","type":"product","link":"https:\/\/academyclub.co\/en\/urun\/personal-information-security-personal-data-protection-kvkk-training\/","title":{"rendered":"Personal Information Security &#8211; Personal Data Protection (KVKK) Training"},"content":{"rendered":"[vc_row type=&#8221;full_width_content&#8221; full_screen_row_position=&#8221;middle&#8221; column_margin=&#8221;default&#8221; scene_position=&#8221;center&#8221; text_color=&#8221;dark&#8221; text_align=&#8221;center&#8221; overlay_strength=&#8221;0.3&#8243; shape_divider_position=&#8221;bottom&#8221; bg_image_animation=&#8221;none&#8221; shape_type=&#8221;&#8221;][vc_column column_padding=&#8221;no-extra-padding&#8221; column_padding_position=&#8221;all&#8221; background_color_opacity=&#8221;1&#8243; background_hover_color_opacity=&#8221;1&#8243; column_link_target=&#8221;_self&#8221; column_shadow=&#8221;none&#8221; column_border_radius=&#8221;none&#8221; width=&#8221;1\/1&#8243; tablet_width_inherit=&#8221;default&#8221; tablet_text_alignment=&#8221;default&#8221; phone_text_alignment=&#8221;default&#8221; overlay_strength=&#8221;0.3&#8243; column_border_width=&#8221;none&#8221; column_border_style=&#8221;solid&#8221; bg_image_animation=&#8221;none&#8221;][image_with_animation image_url=&#8221;108050&#8243; alignment=&#8221;center&#8221; animation=&#8221;Fade In&#8221; hover_animation=&#8221;none&#8221; border_radius=&#8221;none&#8221; box_shadow=&#8221;none&#8221; image_loading=&#8221;default&#8221; max_width=&#8221;100%&#8221; max_width_mobile=&#8221;default&#8221;][\/vc_column][\/vc_row][vc_row type=&#8221;in_container&#8221; full_screen_row_position=&#8221;middle&#8221; column_margin=&#8221;default&#8221; scene_position=&#8221;center&#8221; text_color=&#8221;dark&#8221; text_align=&#8221;center&#8221; top_padding=&#8221;3%&#8221; overlay_strength=&#8221;0.3&#8243; shape_divider_position=&#8221;bottom&#8221; bg_image_animation=&#8221;none&#8221; shape_type=&#8221;&#8221;][vc_column column_padding=&#8221;padding-2-percent&#8221; column_padding_position=&#8221;left-right&#8221; background_color_opacity=&#8221;1&#8243; background_hover_color_opacity=&#8221;1&#8243; column_link_target=&#8221;_self&#8221; column_shadow=&#8221;none&#8221; column_border_radius=&#8221;none&#8221; width=&#8221;1\/1&#8243; tablet_width_inherit=&#8221;default&#8221; tablet_text_alignment=&#8221;default&#8221; phone_text_alignment=&#8221;default&#8221; overlay_strength=&#8221;0.3&#8243; column_border_width=&#8221;none&#8221; column_border_style=&#8221;solid&#8221; bg_image_animation=&#8221;none&#8221;][vc_custom_heading text=&#8221;Personal Information Security &#8211; Personal Data Protection (KVKK) Training&#8221; font_container=&#8221;tag:h2|font_size:32px|text_align:center|color:%23000000|line_height:32px&#8221; use_theme_fonts=&#8221;yes&#8221;][divider line_type=&#8221;No Line&#8221; custom_height=&#8221;32&#8243;][nectar_btn size=&#8221;large&#8221; button_style=&#8221;regular&#8221; button_color_2=&#8221;Accent-Color&#8221; icon_family=&#8221;none&#8221; url=&#8221;\/iletisim&#8221; text=&#8221;Get Information&#8221; margin_right=&#8221;10px&#8221; margin_left=&#8221;10px&#8221;][\/vc_column][\/vc_row][vc_row type=&#8221;full_width_background&#8221; full_screen_row_position=&#8221;middle&#8221; column_margin=&#8221;default&#8221; scene_position=&#8221;center&#8221; text_color=&#8221;dark&#8221; text_align=&#8221;left&#8221; top_padding=&#8221;2%&#8221; bottom_padding=&#8221;4%&#8221; id=&#8221;footage&#8221; row_name=&#8221;Action Footage&#8221; overlay_strength=&#8221;0.3&#8243; shape_divider_position=&#8221;bottom&#8221; bg_image_animation=&#8221;none&#8221; shape_type=&#8221;&#8221;][vc_column column_padding=&#8221;no-extra-padding&#8221; column_padding_position=&#8221;all&#8221; background_color_opacity=&#8221;1&#8243; background_hover_color_opacity=&#8221;1&#8243; column_link_target=&#8221;_self&#8221; column_shadow=&#8221;none&#8221; column_border_radius=&#8221;none&#8221; width=&#8221;1\/1&#8243; tablet_width_inherit=&#8221;default&#8221; tablet_text_alignment=&#8221;default&#8221; phone_text_alignment=&#8221;default&#8221; overlay_strength=&#8221;0.3&#8243; column_border_width=&#8221;none&#8221; column_border_style=&#8221;solid&#8221; bg_image_animation=&#8221;none&#8221;][vc_column_text]\n<blockquote><p><em><br \/>\n<strong>&#8220;The weakest link in the security chain is the human being.&#8221; <\/strong><br \/>\n<\/em><em><br \/>\n<strong>&#8211;<\/strong><br \/>\n<\/em><strong>Kevin David MITNICK <\/strong><em>(The first hacker to make the FBI&#8217;s most wanted list)<\/em><\/p><\/blockquote>\n<p>&nbsp;<\/p>\n<p style=\"text-align: center;\">Security is often an illusion.<\/p>\n<p style=\"text-align: center;\">Danger can come when you least expect it, from places you least expect it.<\/p>\n<p>&nbsp;<\/p>\n<blockquote><p><em><br \/>\n<strong>&#8220;Only two things are eternal, the universe and human stupidity, and I&#8217;m not so sure about the eternity of the former.&#8221; <\/strong><br \/>\n<\/em><strong> &#8211;<\/strong><strong style=\"font-size: 16px;\">Albert EINSTEIN <\/strong><\/p><\/blockquote>\n<p>&nbsp;<\/p>\n<p style=\"text-align: center;\">With the increasing masses of information stored in the virtual environment with the developing technology, the protection of this information has become an important issue day by day due to its importance.<\/p>\n<p style=\"text-align: center;\">The Law on the Protection of Personal Information (KVKK) entered into force on April 7, 2016 in line with the directives of the European Union numbered 6698.<\/p>\n<p style=\"text-align: center;\">In addition to the advanced defense mechanisms of technology, users also need to be aware. This training teaches important information on how to ensure one&#8217;s own information security in general. In addition to teaching how to take action against the threat possibilities and risks that a person may face in the virtual environment, it also shows what measures can be taken on these critical issues.<\/p>\n<p style=\"text-align: center;\">With this training, it is aimed to convey the application area of KVKK and the obligations it brings to the participants.<\/p>\n[\/vc_column_text][\/vc_column][\/vc_row][vc_row type=&#8221;in_container&#8221; full_screen_row_position=&#8221;middle&#8221; column_margin=&#8221;default&#8221; scene_position=&#8221;center&#8221; text_color=&#8221;dark&#8221; text_align=&#8221;left&#8221; top_padding=&#8221;3%&#8221; overlay_strength=&#8221;0.3&#8243; shape_divider_position=&#8221;bottom&#8221; bg_image_animation=&#8221;none&#8221; shape_type=&#8221;&#8221;][vc_column column_padding=&#8221;no-extra-padding&#8221; column_padding_position=&#8221;all&#8221; background_color_opacity=&#8221;1&#8243; background_hover_color_opacity=&#8221;1&#8243; column_link_target=&#8221;_self&#8221; column_shadow=&#8221;none&#8221; column_border_radius=&#8221;none&#8221; width=&#8221;1\/1&#8243; tablet_width_inherit=&#8221;default&#8221; tablet_text_alignment=&#8221;default&#8221; phone_text_alignment=&#8221;default&#8221; overlay_strength=&#8221;0.3&#8243; column_border_width=&#8221;none&#8221; column_border_style=&#8221;solid&#8221; bg_image_animation=&#8221;none&#8221;][toggles style=&#8221;minimal&#8221;][toggle color=&#8221;Extra-Color-2&#8243; title=&#8221;About Education&#8221;][vc_column_text]Education Objectives<\/p>\n<ul>\n<li>To learn about antivirus programs,<\/li>\n<li>To learn about providing information security,<\/li>\n<li>To be able to identify computer viruses,<\/li>\n<li>Raising awareness about children&#8217;s safe use of the internet,<\/li>\n<li>To be able to give examples of security measures,<\/li>\n<li>To gain awareness about the use of social media,<\/li>\n<li>To gain awareness about Social Engineering Methods.<\/li>\n<\/ul>\n<p>Education Content<\/p>\n<ul>\n<li>Development of personal data protection law in Turkey<\/li>\n<li>Purpose and scope of the Law on the Protection of Personal Data<\/li>\n<li>Definition of personal data and sensitive personal data and processing conditions<\/li>\n<li>Processes of deletion, destruction or anonymization of personal data<\/li>\n<li>Conditions for the transfer of personal data<\/li>\n<li>Obligations of the data controller and rights of data subjects<\/li>\n<li>Personal Data Protection Authority and its powers<\/li>\n<li>Penalties under Law No. 6698 on the Protection of Personal Data<\/li>\n<li>Preparation of personal data inventory<\/li>\n<li>Verbis registration process<\/li>\n<li>Policies, procedures and other documentation required to be prepared under the Law on the Protection of Personal Data<\/li>\n<li>Information about BS 10012 Personal Information Management System<\/li>\n<\/ul>\n[\/vc_column_text][\/toggle][toggle color=&#8221;Extra-Color-2&#8243; title=&#8221;Who Should Receive the Training?&#8221;][vc_column_text]\n<ul>\n<li>Anyone who wants to improve their security and <strong>does not want<\/strong> to be a <strong>&#8220;weak link&#8221;<\/strong>.<\/li>\n<\/ul>\n[\/vc_column_text][\/toggle][\/toggles][vc_column_text]\n[\/vc_column_text][\/vc_column][\/vc_row][vc_row type=&#8221;in_container&#8221; full_screen_row_position=&#8221;middle&#8221; column_margin=&#8221;default&#8221; scene_position=&#8221;center&#8221; text_color=&#8221;dark&#8221; text_align=&#8221;left&#8221; id=&#8221;bilgi&#8221; overlay_strength=&#8221;0.3&#8243; shape_divider_position=&#8221;bottom&#8221; bg_image_animation=&#8221;none&#8221; shape_type=&#8221;&#8221;][vc_column column_padding=&#8221;no-extra-padding&#8221; column_padding_position=&#8221;all&#8221; background_color_opacity=&#8221;1&#8243; background_hover_color_opacity=&#8221;1&#8243; column_link_target=&#8221;_self&#8221; column_shadow=&#8221;none&#8221; column_border_radius=&#8221;none&#8221; width=&#8221;1\/1&#8243; tablet_width_inherit=&#8221;default&#8221; tablet_text_alignment=&#8221;default&#8221; phone_text_alignment=&#8221;default&#8221; overlay_strength=&#8221;0.3&#8243; column_border_width=&#8221;none&#8221; column_border_style=&#8221;solid&#8221; bg_image_animation=&#8221;none&#8221;][divider line_type=&#8221;No Line&#8221; custom_height=&#8221;20&#8243;][\/vc_column][\/vc_row][vc_row type=&#8221;in_container&#8221; full_screen_row_position=&#8221;middle&#8221; column_margin=&#8221;default&#8221; bg_color=&#8221;#26bd7e&#8221; scene_position=&#8221;center&#8221; text_color=&#8221;light&#8221; text_align=&#8221;left&#8221; id=&#8221;bilgi&#8221; overlay_strength=&#8221;0.3&#8243; shape_divider_position=&#8221;bottom&#8221; bg_image_animation=&#8221;none&#8221; shape_type=&#8221;&#8221;][vc_column column_padding=&#8221;padding-1-percent&#8221; column_padding_position=&#8221;all&#8221; background_color_opacity=&#8221;1&#8243; background_hover_color_opacity=&#8221;1&#8243; column_link_target=&#8221;_self&#8221; column_shadow=&#8221;none&#8221; column_border_radius=&#8221;none&#8221; width=&#8221;1\/1&#8243; tablet_width_inherit=&#8221;default&#8221; tablet_text_alignment=&#8221;default&#8221; phone_text_alignment=&#8221;default&#8221; overlay_strength=&#8221;0.3&#8243; column_border_width=&#8221;none&#8221; column_border_style=&#8221;solid&#8221; bg_image_animation=&#8221;none&#8221;][vc_custom_heading text=&#8221;Plan this training institutionally!&#8221; font_container=&#8221;tag:h3|font_size:26px|text_align:left|line_height:26px&#8221; use_theme_fonts=&#8221;yes&#8221;][vc_column_text]This training can be planned in different durations and content specific to your organization. Please contact us for detailed rich content and planning to realize your training objectives.[\/vc_column_text][nectar_btn size=&#8221;large&#8221; button_style=&#8221;regular&#8221; button_color_2=&#8221;Extra-Color-1&#8243; color_override=&#8221;#ffffff&#8221; solid_text_color_override=&#8221;#2ed397&#8243; icon_family=&#8221;none&#8221; url=&#8221;\/iletisim&#8221; text=&#8221;Get in touch&#8221;][\/vc_column][\/vc_row]\n","protected":false},"excerpt":{"rendered":"<p>[vc_row type=&#8221;full_width_content&#8221; full_screen_row_position=&#8221;middle&#8221; column_margin=&#8221;default&#8221; scene_position=&#8221;center&#8221; text_color=&#8221;dark&#8221; text_align=&#8221;center&#8221; overlay_strength=&#8221;0.3&#8243; shape_divider_position=&#8221;bottom&#8221; bg_image_animation=&#8221;none&#8221; shape_type=&#8221;&#8221;][vc_column column_padding=&#8221;no-extra-padding&#8221; column_padding_position=&#8221;all&#8221; background_color_opacity=&#8221;1&#8243; background_hover_color_opacity=&#8221;1&#8243; column_link_target=&#8221;_self&#8221; column_shadow=&#8221;none&#8221; column_border_radius=&#8221;none&#8221; width=&#8221;1\/1&#8243; tablet_width_inherit=&#8221;default&#8221; tablet_text_alignment=&#8221;default&#8221; phone_text_alignment=&#8221;default&#8221; overlay_strength=&#8221;0.3&#8243; column_border_width=&#8221;none&#8221; column_border_style=&#8221;solid&#8221;&#8230;<\/p>\n","protected":false},"featured_media":108970,"template":"","meta":[],"product_brand":[],"product_cat":[580,294,253,245],"product_tag":[],"class_list":{"0":"post-108564","1":"product","2":"type-product","3":"status-publish","4":"has-post-thumbnail","6":"product_cat-academy-club","7":"product_cat-software","8":"product_cat-business-world","9":"product_cat-general","11":"first","12":"outofstock","13":"shipping-taxable","14":"product-type-simple"},"yoast_head":"<!-- This site is optimized with the Yoast SEO plugin v26.5 - https:\/\/yoast.com\/wordpress\/plugins\/seo\/ -->\n<title>Personal Information Security - Personal Data Protection (KVKK) Training - Academy Club<\/title>\n<meta name=\"robots\" content=\"index, follow, max-snippet:-1, max-image-preview:large, max-video-preview:-1\" \/>\n<link rel=\"canonical\" href=\"https:\/\/academyclub.co\/en\/urun\/personal-information-security-personal-data-protection-kvkk-training\/\" \/>\n<meta property=\"og:locale\" content=\"en_US\" \/>\n<meta property=\"og:type\" content=\"article\" \/>\n<meta property=\"og:title\" content=\"Personal Information Security - Personal Data Protection (KVKK) Training - Academy Club\" \/>\n<meta property=\"og:description\" content=\"[vc_row type=&#8221;full_width_content&#8221; full_screen_row_position=&#8221;middle&#8221; column_margin=&#8221;default&#8221; scene_position=&#8221;center&#8221; text_color=&#8221;dark&#8221; text_align=&#8221;center&#8221; overlay_strength=&#8221;0.3&#8243; shape_divider_position=&#8221;bottom&#8221; bg_image_animation=&#8221;none&#8221; shape_type=&#8221;&#8221;][vc_column column_padding=&#8221;no-extra-padding&#8221; column_padding_position=&#8221;all&#8221; background_color_opacity=&#8221;1&#8243; background_hover_color_opacity=&#8221;1&#8243; column_link_target=&#8221;_self&#8221; column_shadow=&#8221;none&#8221; column_border_radius=&#8221;none&#8221; width=&#8221;1\/1&#8243; tablet_width_inherit=&#8221;default&#8221; tablet_text_alignment=&#8221;default&#8221; phone_text_alignment=&#8221;default&#8221; overlay_strength=&#8221;0.3&#8243; column_border_width=&#8221;none&#8221; column_border_style=&#8221;solid&#8221;...\" \/>\n<meta property=\"og:url\" content=\"https:\/\/academyclub.co\/en\/urun\/personal-information-security-personal-data-protection-kvkk-training\/\" \/>\n<meta property=\"og:site_name\" content=\"Academy Club\" \/>\n<meta property=\"article:publisher\" content=\"https:\/\/www.facebook.com\/academyclubtr\/\" \/>\n<meta property=\"article:modified_time\" content=\"2026-01-20T07:52:47+00:00\" \/>\n<meta property=\"og:image\" content=\"https:\/\/academyclub.co\/wp-content\/uploads\/2023\/02\/Kisisel-Bilgi-Guvenligi-Kisisel-Verileri-Koruma-KVKK-Egitimi.webp\" \/>\n\t<meta property=\"og:image:width\" content=\"500\" \/>\n\t<meta property=\"og:image:height\" content=\"700\" \/>\n\t<meta property=\"og:image:type\" content=\"image\/webp\" \/>\n<meta name=\"twitter:card\" content=\"summary_large_image\" \/>\n<meta name=\"twitter:label1\" content=\"Est. reading time\" \/>\n\t<meta name=\"twitter:data1\" content=\"5 minutes\" \/>\n<script type=\"application\/ld+json\" class=\"yoast-schema-graph\">{\"@context\":\"https:\/\/schema.org\",\"@graph\":[{\"@type\":\"WebPage\",\"@id\":\"https:\/\/academyclub.co\/en\/urun\/personal-information-security-personal-data-protection-kvkk-training\/\",\"url\":\"https:\/\/academyclub.co\/en\/urun\/personal-information-security-personal-data-protection-kvkk-training\/\",\"name\":\"Personal Information Security - Personal Data Protection (KVKK) Training - Academy Club\",\"isPartOf\":{\"@id\":\"https:\/\/academyclub.co\/en\/#website\"},\"primaryImageOfPage\":{\"@id\":\"https:\/\/academyclub.co\/en\/urun\/personal-information-security-personal-data-protection-kvkk-training\/#primaryimage\"},\"image\":{\"@id\":\"https:\/\/academyclub.co\/en\/urun\/personal-information-security-personal-data-protection-kvkk-training\/#primaryimage\"},\"thumbnailUrl\":\"https:\/\/academyclub.co\/wp-content\/uploads\/2023\/02\/Kisisel-Bilgi-Guvenligi-Kisisel-Verileri-Koruma-KVKK-Egitimi.webp\",\"datePublished\":\"2023-02-22T05:13:23+00:00\",\"dateModified\":\"2026-01-20T07:52:47+00:00\",\"breadcrumb\":{\"@id\":\"https:\/\/academyclub.co\/en\/urun\/personal-information-security-personal-data-protection-kvkk-training\/#breadcrumb\"},\"inLanguage\":\"en-US\",\"potentialAction\":[{\"@type\":\"ReadAction\",\"target\":[\"https:\/\/academyclub.co\/en\/urun\/personal-information-security-personal-data-protection-kvkk-training\/\"]}]},{\"@type\":\"ImageObject\",\"inLanguage\":\"en-US\",\"@id\":\"https:\/\/academyclub.co\/en\/urun\/personal-information-security-personal-data-protection-kvkk-training\/#primaryimage\",\"url\":\"https:\/\/academyclub.co\/wp-content\/uploads\/2023\/02\/Kisisel-Bilgi-Guvenligi-Kisisel-Verileri-Koruma-KVKK-Egitimi.webp\",\"contentUrl\":\"https:\/\/academyclub.co\/wp-content\/uploads\/2023\/02\/Kisisel-Bilgi-Guvenligi-Kisisel-Verileri-Koruma-KVKK-Egitimi.webp\",\"width\":500,\"height\":700,\"caption\":\"Ki\u015fisel Bilgi G\u00fcvenli\u011fi - Ki\u015fisel Verileri Koruma (KVKK) E\u011fitimi\"},{\"@type\":\"BreadcrumbList\",\"@id\":\"https:\/\/academyclub.co\/en\/urun\/personal-information-security-personal-data-protection-kvkk-training\/#breadcrumb\",\"itemListElement\":[{\"@type\":\"ListItem\",\"position\":1,\"name\":\"Home page\",\"item\":\"https:\/\/academyclub.co\/en\/\"},{\"@type\":\"ListItem\",\"position\":2,\"name\":\"Products\",\"item\":\"https:\/\/academyclub.co\/en\/shop\/\"},{\"@type\":\"ListItem\",\"position\":3,\"name\":\"Personal Information Security &#8211; Personal Data Protection (KVKK) Training\"}]},{\"@type\":\"WebSite\",\"@id\":\"https:\/\/academyclub.co\/en\/#website\",\"url\":\"https:\/\/academyclub.co\/en\/\",\"name\":\"Academy Club\",\"description\":\"Your Innovative Education Solution Partner\",\"publisher\":{\"@id\":\"https:\/\/academyclub.co\/en\/#organization\"},\"potentialAction\":[{\"@type\":\"SearchAction\",\"target\":{\"@type\":\"EntryPoint\",\"urlTemplate\":\"https:\/\/academyclub.co\/en\/?s={search_term_string}\"},\"query-input\":{\"@type\":\"PropertyValueSpecification\",\"valueRequired\":true,\"valueName\":\"search_term_string\"}}],\"inLanguage\":\"en-US\"},{\"@type\":\"Organization\",\"@id\":\"https:\/\/academyclub.co\/en\/#organization\",\"name\":\"Academy Club\",\"url\":\"https:\/\/academyclub.co\/en\/\",\"logo\":{\"@type\":\"ImageObject\",\"inLanguage\":\"en-US\",\"@id\":\"https:\/\/academyclub.co\/en\/#\/schema\/logo\/image\/\",\"url\":\"https:\/\/academyclub.co\/wp-content\/uploads\/2022\/07\/academy-siyahAsset-16-1.png\",\"contentUrl\":\"https:\/\/academyclub.co\/wp-content\/uploads\/2022\/07\/academy-siyahAsset-16-1.png\",\"width\":570,\"height\":92,\"caption\":\"Academy Club\"},\"image\":{\"@id\":\"https:\/\/academyclub.co\/en\/#\/schema\/logo\/image\/\"},\"sameAs\":[\"https:\/\/www.facebook.com\/academyclubtr\/\",\"https:\/\/www.instagram.com\/academyclubtr\/?hl=tr\",\"https:\/\/www.linkedin.com\/company\/academy-clubtr\/\",\"https:\/\/discord.io\/academyclub\"]}]}<\/script>\n<!-- \/ Yoast SEO plugin. -->","yoast_head_json":{"title":"Personal Information Security - Personal Data Protection (KVKK) Training - Academy Club","robots":{"index":"index","follow":"follow","max-snippet":"max-snippet:-1","max-image-preview":"max-image-preview:large","max-video-preview":"max-video-preview:-1"},"canonical":"https:\/\/academyclub.co\/en\/urun\/personal-information-security-personal-data-protection-kvkk-training\/","og_locale":"en_US","og_type":"article","og_title":"Personal Information Security - Personal Data Protection (KVKK) Training - Academy Club","og_description":"[vc_row type=&#8221;full_width_content&#8221; full_screen_row_position=&#8221;middle&#8221; column_margin=&#8221;default&#8221; scene_position=&#8221;center&#8221; text_color=&#8221;dark&#8221; text_align=&#8221;center&#8221; overlay_strength=&#8221;0.3&#8243; shape_divider_position=&#8221;bottom&#8221; bg_image_animation=&#8221;none&#8221; shape_type=&#8221;&#8221;][vc_column column_padding=&#8221;no-extra-padding&#8221; column_padding_position=&#8221;all&#8221; background_color_opacity=&#8221;1&#8243; background_hover_color_opacity=&#8221;1&#8243; column_link_target=&#8221;_self&#8221; column_shadow=&#8221;none&#8221; column_border_radius=&#8221;none&#8221; width=&#8221;1\/1&#8243; tablet_width_inherit=&#8221;default&#8221; tablet_text_alignment=&#8221;default&#8221; phone_text_alignment=&#8221;default&#8221; overlay_strength=&#8221;0.3&#8243; column_border_width=&#8221;none&#8221; column_border_style=&#8221;solid&#8221;...","og_url":"https:\/\/academyclub.co\/en\/urun\/personal-information-security-personal-data-protection-kvkk-training\/","og_site_name":"Academy Club","article_publisher":"https:\/\/www.facebook.com\/academyclubtr\/","article_modified_time":"2026-01-20T07:52:47+00:00","og_image":[{"width":500,"height":700,"url":"https:\/\/academyclub.co\/wp-content\/uploads\/2023\/02\/Kisisel-Bilgi-Guvenligi-Kisisel-Verileri-Koruma-KVKK-Egitimi.webp","type":"image\/webp"}],"twitter_card":"summary_large_image","twitter_misc":{"Est. reading time":"5 minutes"},"schema":{"@context":"https:\/\/schema.org","@graph":[{"@type":"WebPage","@id":"https:\/\/academyclub.co\/en\/urun\/personal-information-security-personal-data-protection-kvkk-training\/","url":"https:\/\/academyclub.co\/en\/urun\/personal-information-security-personal-data-protection-kvkk-training\/","name":"Personal Information Security - Personal Data Protection (KVKK) Training - Academy Club","isPartOf":{"@id":"https:\/\/academyclub.co\/en\/#website"},"primaryImageOfPage":{"@id":"https:\/\/academyclub.co\/en\/urun\/personal-information-security-personal-data-protection-kvkk-training\/#primaryimage"},"image":{"@id":"https:\/\/academyclub.co\/en\/urun\/personal-information-security-personal-data-protection-kvkk-training\/#primaryimage"},"thumbnailUrl":"https:\/\/academyclub.co\/wp-content\/uploads\/2023\/02\/Kisisel-Bilgi-Guvenligi-Kisisel-Verileri-Koruma-KVKK-Egitimi.webp","datePublished":"2023-02-22T05:13:23+00:00","dateModified":"2026-01-20T07:52:47+00:00","breadcrumb":{"@id":"https:\/\/academyclub.co\/en\/urun\/personal-information-security-personal-data-protection-kvkk-training\/#breadcrumb"},"inLanguage":"en-US","potentialAction":[{"@type":"ReadAction","target":["https:\/\/academyclub.co\/en\/urun\/personal-information-security-personal-data-protection-kvkk-training\/"]}]},{"@type":"ImageObject","inLanguage":"en-US","@id":"https:\/\/academyclub.co\/en\/urun\/personal-information-security-personal-data-protection-kvkk-training\/#primaryimage","url":"https:\/\/academyclub.co\/wp-content\/uploads\/2023\/02\/Kisisel-Bilgi-Guvenligi-Kisisel-Verileri-Koruma-KVKK-Egitimi.webp","contentUrl":"https:\/\/academyclub.co\/wp-content\/uploads\/2023\/02\/Kisisel-Bilgi-Guvenligi-Kisisel-Verileri-Koruma-KVKK-Egitimi.webp","width":500,"height":700,"caption":"Ki\u015fisel Bilgi G\u00fcvenli\u011fi - Ki\u015fisel Verileri Koruma (KVKK) E\u011fitimi"},{"@type":"BreadcrumbList","@id":"https:\/\/academyclub.co\/en\/urun\/personal-information-security-personal-data-protection-kvkk-training\/#breadcrumb","itemListElement":[{"@type":"ListItem","position":1,"name":"Home page","item":"https:\/\/academyclub.co\/en\/"},{"@type":"ListItem","position":2,"name":"Products","item":"https:\/\/academyclub.co\/en\/shop\/"},{"@type":"ListItem","position":3,"name":"Personal Information Security &#8211; Personal Data Protection (KVKK) Training"}]},{"@type":"WebSite","@id":"https:\/\/academyclub.co\/en\/#website","url":"https:\/\/academyclub.co\/en\/","name":"Academy Club","description":"Your Innovative Education Solution Partner","publisher":{"@id":"https:\/\/academyclub.co\/en\/#organization"},"potentialAction":[{"@type":"SearchAction","target":{"@type":"EntryPoint","urlTemplate":"https:\/\/academyclub.co\/en\/?s={search_term_string}"},"query-input":{"@type":"PropertyValueSpecification","valueRequired":true,"valueName":"search_term_string"}}],"inLanguage":"en-US"},{"@type":"Organization","@id":"https:\/\/academyclub.co\/en\/#organization","name":"Academy Club","url":"https:\/\/academyclub.co\/en\/","logo":{"@type":"ImageObject","inLanguage":"en-US","@id":"https:\/\/academyclub.co\/en\/#\/schema\/logo\/image\/","url":"https:\/\/academyclub.co\/wp-content\/uploads\/2022\/07\/academy-siyahAsset-16-1.png","contentUrl":"https:\/\/academyclub.co\/wp-content\/uploads\/2022\/07\/academy-siyahAsset-16-1.png","width":570,"height":92,"caption":"Academy Club"},"image":{"@id":"https:\/\/academyclub.co\/en\/#\/schema\/logo\/image\/"},"sameAs":["https:\/\/www.facebook.com\/academyclubtr\/","https:\/\/www.instagram.com\/academyclubtr\/?hl=tr","https:\/\/www.linkedin.com\/company\/academy-clubtr\/","https:\/\/discord.io\/academyclub"]}]}},"_links":{"self":[{"href":"https:\/\/academyclub.co\/en\/wp-json\/wp\/v2\/product\/108564","targetHints":{"allow":["GET"]}}],"collection":[{"href":"https:\/\/academyclub.co\/en\/wp-json\/wp\/v2\/product"}],"about":[{"href":"https:\/\/academyclub.co\/en\/wp-json\/wp\/v2\/types\/product"}],"wp:featuredmedia":[{"embeddable":true,"href":"https:\/\/academyclub.co\/en\/wp-json\/wp\/v2\/media\/108970"}],"wp:attachment":[{"href":"https:\/\/academyclub.co\/en\/wp-json\/wp\/v2\/media?parent=108564"}],"wp:term":[{"taxonomy":"product_brand","embeddable":true,"href":"https:\/\/academyclub.co\/en\/wp-json\/wp\/v2\/product_brand?post=108564"},{"taxonomy":"product_cat","embeddable":true,"href":"https:\/\/academyclub.co\/en\/wp-json\/wp\/v2\/product_cat?post=108564"},{"taxonomy":"product_tag","embeddable":true,"href":"https:\/\/academyclub.co\/en\/wp-json\/wp\/v2\/product_tag?post=108564"}],"curies":[{"name":"wp","href":"https:\/\/api.w.org\/{rel}","templated":true}]}}