{"id":108568,"date":"2023-02-22T08:04:54","date_gmt":"2023-02-22T05:04:54","guid":{"rendered":"https:\/\/academyclub.co\/urun\/golang-go-programming-language-training\/"},"modified":"2026-01-19T19:48:19","modified_gmt":"2026-01-19T16:48:19","slug":"golang-go-programming-language-training","status":"publish","type":"product","link":"https:\/\/academyclub.co\/en\/urun\/golang-go-programming-language-training\/","title":{"rendered":"GOLANG (Go Programming Language) Training"},"content":{"rendered":"[vc_row type=&#8221;full_width_content&#8221; full_screen_row_position=&#8221;middle&#8221; column_margin=&#8221;default&#8221; scene_position=&#8221;center&#8221; text_color=&#8221;dark&#8221; text_align=&#8221;center&#8221; overlay_strength=&#8221;0.3&#8243; shape_divider_position=&#8221;bottom&#8221; bg_image_animation=&#8221;none&#8221; shape_type=&#8221;&#8221;][vc_column column_padding=&#8221;no-extra-padding&#8221; column_padding_position=&#8221;all&#8221; background_color_opacity=&#8221;1&#8243; background_hover_color_opacity=&#8221;1&#8243; column_link_target=&#8221;_self&#8221; column_shadow=&#8221;none&#8221; column_border_radius=&#8221;none&#8221; width=&#8221;1\/1&#8243; tablet_width_inherit=&#8221;default&#8221; tablet_text_alignment=&#8221;default&#8221; phone_text_alignment=&#8221;default&#8221; overlay_strength=&#8221;0.3&#8243; column_border_width=&#8221;none&#8221; column_border_style=&#8221;solid&#8221; bg_image_animation=&#8221;none&#8221;][image_with_animation image_url=&#8221;109342&#8243; alignment=&#8221;center&#8221; animation=&#8221;Fade In&#8221; hover_animation=&#8221;none&#8221; border_radius=&#8221;none&#8221; box_shadow=&#8221;none&#8221; image_loading=&#8221;default&#8221; max_width=&#8221;100%&#8221; max_width_mobile=&#8221;default&#8221;][\/vc_column][\/vc_row][vc_row type=&#8221;in_container&#8221; full_screen_row_position=&#8221;middle&#8221; column_margin=&#8221;default&#8221; scene_position=&#8221;center&#8221; text_color=&#8221;dark&#8221; text_align=&#8221;center&#8221; top_padding=&#8221;3%&#8221; overlay_strength=&#8221;0.3&#8243; shape_divider_position=&#8221;bottom&#8221; bg_image_animation=&#8221;none&#8221; shape_type=&#8221;&#8221;][vc_column column_padding=&#8221;padding-2-percent&#8221; column_padding_position=&#8221;left-right&#8221; background_color_opacity=&#8221;1&#8243; background_hover_color_opacity=&#8221;1&#8243; column_link_target=&#8221;_self&#8221; column_shadow=&#8221;none&#8221; column_border_radius=&#8221;none&#8221; width=&#8221;1\/1&#8243; tablet_width_inherit=&#8221;default&#8221; tablet_text_alignment=&#8221;default&#8221; phone_text_alignment=&#8221;default&#8221; overlay_strength=&#8221;0.3&#8243; column_border_width=&#8221;none&#8221; column_border_style=&#8221;solid&#8221; bg_image_animation=&#8221;none&#8221;][vc_custom_heading text=&#8221;GOLANG (Go Programming Language) Training&#8221; font_container=&#8221;tag:h2|font_size:32px|text_align:center|color:%23000000|line_height:32px&#8221; use_theme_fonts=&#8221;yes&#8221;][divider line_type=&#8221;No Line&#8221; custom_height=&#8221;32&#8243;][nectar_btn size=&#8221;large&#8221; button_style=&#8221;regular&#8221; button_color_2=&#8221;Accent-Color&#8221; icon_family=&#8221;none&#8221; url=&#8221;https:\/\/academyclub.co\/en\/contact\/&#8221; text=&#8221;Get Information&#8221; margin_right=&#8221;10px&#8221; margin_left=&#8221;10px&#8221;][\/vc_column][\/vc_row][vc_row type=&#8221;full_width_background&#8221; full_screen_row_position=&#8221;middle&#8221; column_margin=&#8221;default&#8221; scene_position=&#8221;center&#8221; text_color=&#8221;dark&#8221; text_align=&#8221;left&#8221; top_padding=&#8221;2%&#8221; bottom_padding=&#8221;4%&#8221; id=&#8221;footage&#8221; row_name=&#8221;Action Footage&#8221; overlay_strength=&#8221;0.3&#8243; shape_divider_position=&#8221;bottom&#8221; bg_image_animation=&#8221;none&#8221; shape_type=&#8221;&#8221;][vc_column column_padding=&#8221;no-extra-padding&#8221; column_padding_position=&#8221;all&#8221; background_color_opacity=&#8221;1&#8243; background_hover_color_opacity=&#8221;1&#8243; column_link_target=&#8221;_self&#8221; column_shadow=&#8221;none&#8221; column_border_radius=&#8221;none&#8221; width=&#8221;1\/1&#8243; tablet_width_inherit=&#8221;default&#8221; tablet_text_alignment=&#8221;default&#8221; phone_text_alignment=&#8221;default&#8221; overlay_strength=&#8221;0.3&#8243; column_border_width=&#8221;none&#8221; column_border_style=&#8221;solid&#8221; bg_image_animation=&#8221;none&#8221;][vc_column_text]\n<p style=\"text-align: center;\">GOLANG is a multi-platform programming language developed by Google in 2007.<\/p>\n<p style=\"text-align: center;\">GO Programming language is a different programming language similar to other languages.<\/p>\n<p style=\"text-align: center;\">With this course, you will see all the advantages of GO language and learn what you can do with this language.<\/p>\n[\/vc_column_text][\/vc_column][\/vc_row][vc_row type=&#8221;in_container&#8221; full_screen_row_position=&#8221;middle&#8221; column_margin=&#8221;default&#8221; scene_position=&#8221;center&#8221; text_color=&#8221;dark&#8221; text_align=&#8221;left&#8221; top_padding=&#8221;3%&#8221; overlay_strength=&#8221;0.3&#8243; shape_divider_position=&#8221;bottom&#8221; bg_image_animation=&#8221;none&#8221; shape_type=&#8221;&#8221;][vc_column column_padding=&#8221;no-extra-padding&#8221; column_padding_position=&#8221;all&#8221; background_color_opacity=&#8221;1&#8243; background_hover_color_opacity=&#8221;1&#8243; column_link_target=&#8221;_self&#8221; column_shadow=&#8221;none&#8221; column_border_radius=&#8221;none&#8221; width=&#8221;1\/1&#8243; tablet_width_inherit=&#8221;default&#8221; tablet_text_alignment=&#8221;default&#8221; phone_text_alignment=&#8221;default&#8221; overlay_strength=&#8221;0.3&#8243; column_border_width=&#8221;none&#8221; column_border_style=&#8221;solid&#8221; bg_image_animation=&#8221;none&#8221;][toggles style=&#8221;minimal&#8221;][toggle color=&#8221;Extra-Color-2&#8243; title=&#8221;About Training&#8221;][vc_column_text]Training Objectives:<\/p>\n<ul>\n<li>To learn the GO language, which few people in Turkey have knowledge of,<\/li>\n<li>To be able to develop projects with Go language,<\/li>\n<li>To see the principles of the GO language, which has started to be heard with very large companies.<\/li>\n<\/ul>\n<p>&nbsp;<\/p>\n<p>&nbsp;<\/p>\n<p>TRAINING CONTENT<\/p>\n<ul>\n<li>GOLANG ENTRANCE<\/li>\n<\/ul>\n<p>What is an Algorithm?<\/p>\n<p>Flow Diagrams<\/p>\n<p>What is GO Programming Language<\/p>\n<p>Development Environment Setup<\/p>\n<ul>\n<li>DEVELOPMENT ENVIRONMENT AND GO SETUP<\/li>\n<\/ul>\n<p>GO Setup<\/p>\n<p>GO Setup on Windows<\/p>\n<p>First Application with GO<\/p>\n<p>LiteIDE Development Environment on Windows<\/p>\n<p>LiteIDE Installation<\/p>\n<p>First Application with LiteIDE<\/p>\n<p>Git Version Control System on Windows<\/p>\n<p>Git Setup on Windows<\/p>\n<p>Installing GO with GVM on Linux<\/p>\n<p>What is GVM?<\/p>\n<p>GVM Installation on Ubuntu<\/p>\n<p>LiteIDE Installation on Linux<\/p>\n<p>Installing Go and LiteIDE on Apple macOS<\/p>\n<p>GO Documents (GoDoc)<\/p>\n<ul>\n<li>BASIC DATA TYPES AND VARIABLES<\/li>\n<\/ul>\n<p>Integer<\/p>\n<p>Dotted Numbers \/ Floating-Point Numbers (Floating-Point)<\/p>\n<p>Character Structures (String)<\/p>\n<p>Logical Structures (Boolean)<\/p>\n<p>Constants (Constant)<\/p>\n<p>Variable Definition Methods<\/p>\n<ul>\n<li>LOOP AND CONTROL STRUCTURES<\/li>\n<\/ul>\n<p>For Loop<\/p>\n<p>Decision Structures<\/p>\n<p>Swich<\/p>\n<ul>\n<li>GO PACKAGE OPERATIONS<\/li>\n<\/ul>\n<p>Text Operations<\/p>\n<p>Search in Text<\/p>\n<p>Number of occurrences in the text<\/p>\n<p>Text Fragmentation<\/p>\n<p>Index and Indexany<\/p>\n<p>Join Usage<\/p>\n<p>Map Operations<\/p>\n<p>Repetition<\/p>\n<p>Replacement<\/p>\n<p>Split and Splitafter Operations<\/p>\n<p>Unicode Operations<\/p>\n<p>File and Folder Operations (Os, io)<\/p>\n<p>Reading File Content<\/p>\n<p>File Writing<\/p>\n<p>Folder Operations<\/p>\n<p>Network Operations (NET)<\/p>\n<p>Web Client (Net\/Http, io\/ioutil)<\/p>\n<p>Web Server<\/p>\n<p>Package Creation<\/p>\n<ul>\n<li>WEB PROGRAMMING<\/li>\n<\/ul>\n<p>Static Web Server<\/p>\n<p>HTML Template Usage<\/p>\n<p>Database Usage<\/p>\n<p>JSON generation<\/p>\n<p>JSON Reading and Processing<\/p>\n<p>ORM (Object to Database Mapping) Layer<\/p>\n<p>Web Programming Frameworks<\/p>\n<p>GoQuery<\/p>\n<p>Rest API Concept<\/p>\n<ul>\n<li>STRUCTURES HOLDING MULTIPLE DATA<\/li>\n<\/ul>\n<p>Arrays (Array)<\/p>\n<p>Sections (Slice)<\/p>\n<p>Append<\/p>\n<p>Copy<\/p>\n<p>Array Operations<\/p>\n<p>Map<\/p>\n<ul>\n<li>FUNCTIONS AND POINTERS<\/li>\n<\/ul>\n<p>Function Concept<\/p>\n<p>Value Returning and Non-Returning Functions<\/p>\n<p>Functions that Call Each Other<\/p>\n<p>Using Argument with Variable Number<\/p>\n<p>Recursive Functions<\/p>\n<p>Nested Functions<\/p>\n<p>Defer Concept<\/p>\n<p>Panic and Recover Operations<\/p>\n<p>Pointers<\/p>\n<ul>\n<li>OOP<\/li>\n<\/ul>\n<p>Structure Concept<\/p>\n<p>Methods<\/p>\n<p>Species from G\u00fcm\u00fcl\u00fc<\/p>\n<p>Interface Concept<\/p>\n<ul>\n<li>SIMULTANEOUSNESS<\/li>\n<\/ul>\n<p>Goroutine (Goroutine)<\/p>\n<p>Channels<\/p>\n<p>Buffered Channels<\/p>\n<p>Synchronization Processes<\/p>\n<p>Directional Channels<\/p>\n<p>Timeout Control<\/p>\n<p>Worker Pool<\/p>\n<ul>\n<li>TEST PROCESSES<\/li>\n<\/ul>\n<p>Graphical User Interface (GUI) Development<\/p>\n<p>Scientific Applications<\/p>\n<p>Mobile Programming<\/p>\n<p>Multi-Platform Cross-Compiling<\/p>\n<p>Software Testing: Unit Testing &amp; End-to-End Testing[\/vc_column_text][\/toggle][toggle color=&#8221;Extra-Color-2&#8243; title=&#8221;Who Should Receive the Training?&#8221;][vc_column_text]\n<ul>\n<li>People who want to learn software but don&#8217;t know where to start,<\/li>\n<li>Anyone who wants to explore a new programming language.<\/li>\n<\/ul>\n[\/vc_column_text][\/toggle][toggle color=&#8221;Extra-Color-2&#8243; title=&#8221;Requirements&#8221;][vc_column_text]\n<ul>\n<li>\n<div class=\"ud-block-list-item ud-block-list-item-small ud-block-list-item-tight ud-block-list-item-neutral ud-text-sm\">\n<div class=\"ud-block-list-item-content\">Basic Computer Usage,<\/div>\n<\/div>\n<\/li>\n<li>Interest and basic familiarity with programming languages.<\/li>\n<\/ul>\n[\/vc_column_text][\/toggle][\/toggles][vc_column_text]\n[\/vc_column_text][\/vc_column][\/vc_row][vc_row type=&#8221;in_container&#8221; full_screen_row_position=&#8221;middle&#8221; column_margin=&#8221;default&#8221; scene_position=&#8221;center&#8221; text_color=&#8221;dark&#8221; text_align=&#8221;left&#8221; id=&#8221;bilgi&#8221; overlay_strength=&#8221;0.3&#8243; shape_divider_position=&#8221;bottom&#8221; bg_image_animation=&#8221;none&#8221; shape_type=&#8221;&#8221;][vc_column column_padding=&#8221;no-extra-padding&#8221; column_padding_position=&#8221;all&#8221; background_color_opacity=&#8221;1&#8243; background_hover_color_opacity=&#8221;1&#8243; column_link_target=&#8221;_self&#8221; column_shadow=&#8221;none&#8221; column_border_radius=&#8221;none&#8221; width=&#8221;1\/1&#8243; tablet_width_inherit=&#8221;default&#8221; tablet_text_alignment=&#8221;default&#8221; phone_text_alignment=&#8221;default&#8221; overlay_strength=&#8221;0.3&#8243; column_border_width=&#8221;none&#8221; column_border_style=&#8221;solid&#8221; bg_image_animation=&#8221;none&#8221;][divider line_type=&#8221;No Line&#8221; custom_height=&#8221;20&#8243;][\/vc_column][\/vc_row][vc_row type=&#8221;in_container&#8221; full_screen_row_position=&#8221;middle&#8221; column_margin=&#8221;default&#8221; bg_color=&#8221;#26bd7e&#8221; scene_position=&#8221;center&#8221; text_color=&#8221;light&#8221; text_align=&#8221;left&#8221; id=&#8221;bilgi&#8221; overlay_strength=&#8221;0.3&#8243; shape_divider_position=&#8221;bottom&#8221; bg_image_animation=&#8221;none&#8221; shape_type=&#8221;&#8221;][vc_column column_padding=&#8221;padding-1-percent&#8221; column_padding_position=&#8221;all&#8221; background_color_opacity=&#8221;1&#8243; background_hover_color_opacity=&#8221;1&#8243; column_link_target=&#8221;_self&#8221; column_shadow=&#8221;none&#8221; column_border_radius=&#8221;none&#8221; width=&#8221;1\/1&#8243; tablet_width_inherit=&#8221;default&#8221; tablet_text_alignment=&#8221;default&#8221; phone_text_alignment=&#8221;default&#8221; overlay_strength=&#8221;0.3&#8243; column_border_width=&#8221;none&#8221; column_border_style=&#8221;solid&#8221; bg_image_animation=&#8221;none&#8221;][vc_custom_heading text=&#8221;Plan this training for your business!&#8221; font_container=&#8221;tag:h3|font_size:26px|text_align:left|line_height:26px&#8221; use_theme_fonts=&#8221;yes&#8221;][vc_column_text]This training can be planned in different durations and content specific to your organization. Please contact us for detailed rich content and planning to realize your training objectives.[\/vc_column_text][nectar_btn size=&#8221;large&#8221; button_style=&#8221;regular&#8221; button_color_2=&#8221;Extra-Color-1&#8243; color_override=&#8221;#ffffff&#8221; solid_text_color_override=&#8221;#2ed397&#8243; icon_family=&#8221;none&#8221; url=&#8221;https:\/\/academyclub.co\/en\/contact\/&#8221; text=&#8221;Get in touch&#8221;][\/vc_column][\/vc_row]\n","protected":false},"excerpt":{"rendered":"<p>[vc_row type=&#8221;full_width_content&#8221; full_screen_row_position=&#8221;middle&#8221; column_margin=&#8221;default&#8221; scene_position=&#8221;center&#8221; text_color=&#8221;dark&#8221; text_align=&#8221;center&#8221; overlay_strength=&#8221;0.3&#8243; shape_divider_position=&#8221;bottom&#8221; bg_image_animation=&#8221;none&#8221; shape_type=&#8221;&#8221;][vc_column column_padding=&#8221;no-extra-padding&#8221; column_padding_position=&#8221;all&#8221; background_color_opacity=&#8221;1&#8243; background_hover_color_opacity=&#8221;1&#8243; column_link_target=&#8221;_self&#8221; column_shadow=&#8221;none&#8221; column_border_radius=&#8221;none&#8221; width=&#8221;1\/1&#8243; tablet_width_inherit=&#8221;default&#8221; tablet_text_alignment=&#8221;default&#8221; phone_text_alignment=&#8221;default&#8221; overlay_strength=&#8221;0.3&#8243; column_border_width=&#8221;none&#8221; column_border_style=&#8221;solid&#8221;&#8230;<\/p>\n","protected":false},"featured_media":108979,"template":"","meta":[],"product_brand":[],"product_cat":[580,294,253,245],"product_tag":[],"class_list":{"0":"post-108568","1":"product","2":"type-product","3":"status-publish","4":"has-post-thumbnail","6":"product_cat-academy-club","7":"product_cat-software","8":"product_cat-business-world","9":"product_cat-general","11":"first","12":"outofstock","13":"shipping-taxable","14":"product-type-simple"},"yoast_head":"<!-- This site is optimized with the Yoast SEO plugin v26.5 - https:\/\/yoast.com\/wordpress\/plugins\/seo\/ -->\n<title>GOLANG (Go Programming Language) Training - Academy Club<\/title>\n<meta name=\"description\" content=\"GOLANG, Go Programming Language, is a multi-platform programming language that was started to be developed by Google in 2007.\" \/>\n<meta name=\"robots\" content=\"index, follow, max-snippet:-1, max-image-preview:large, max-video-preview:-1\" \/>\n<link rel=\"canonical\" href=\"https:\/\/academyclub.co\/en\/urun\/golang-go-programming-language-training\/\" \/>\n<meta property=\"og:locale\" content=\"en_US\" \/>\n<meta property=\"og:type\" content=\"article\" \/>\n<meta property=\"og:title\" content=\"GOLANG (Go Programming Language) Training - Academy Club\" \/>\n<meta property=\"og:description\" content=\"GOLANG, Go Programming Language, is a multi-platform programming language that was started to be developed by Google in 2007.\" \/>\n<meta property=\"og:url\" content=\"https:\/\/academyclub.co\/en\/urun\/golang-go-programming-language-training\/\" \/>\n<meta property=\"og:site_name\" content=\"Academy Club\" \/>\n<meta property=\"article:publisher\" content=\"https:\/\/www.facebook.com\/academyclubtr\/\" \/>\n<meta property=\"article:modified_time\" content=\"2026-01-19T16:48:19+00:00\" \/>\n<meta property=\"og:image\" content=\"https:\/\/academyclub.co\/wp-content\/uploads\/2023\/02\/golang-e196159itimi.webp\" \/>\n\t<meta property=\"og:image:width\" content=\"500\" \/>\n\t<meta property=\"og:image:height\" content=\"700\" \/>\n\t<meta property=\"og:image:type\" content=\"image\/webp\" \/>\n<meta name=\"twitter:card\" content=\"summary_large_image\" \/>\n<meta name=\"twitter:label1\" content=\"Est. reading time\" \/>\n\t<meta name=\"twitter:data1\" content=\"5 minutes\" \/>\n<script type=\"application\/ld+json\" class=\"yoast-schema-graph\">{\"@context\":\"https:\/\/schema.org\",\"@graph\":[{\"@type\":\"WebPage\",\"@id\":\"https:\/\/academyclub.co\/en\/urun\/golang-go-programming-language-training\/\",\"url\":\"https:\/\/academyclub.co\/en\/urun\/golang-go-programming-language-training\/\",\"name\":\"GOLANG (Go Programming Language) Training - Academy Club\",\"isPartOf\":{\"@id\":\"https:\/\/academyclub.co\/en\/#website\"},\"primaryImageOfPage\":{\"@id\":\"https:\/\/academyclub.co\/en\/urun\/golang-go-programming-language-training\/#primaryimage\"},\"image\":{\"@id\":\"https:\/\/academyclub.co\/en\/urun\/golang-go-programming-language-training\/#primaryimage\"},\"thumbnailUrl\":\"https:\/\/academyclub.co\/wp-content\/uploads\/2023\/02\/golang-e196159itimi.webp\",\"datePublished\":\"2023-02-22T05:04:54+00:00\",\"dateModified\":\"2026-01-19T16:48:19+00:00\",\"description\":\"GOLANG, Go Programming Language, is a multi-platform programming language that was started to be developed by Google in 2007.\",\"breadcrumb\":{\"@id\":\"https:\/\/academyclub.co\/en\/urun\/golang-go-programming-language-training\/#breadcrumb\"},\"inLanguage\":\"en-US\",\"potentialAction\":[{\"@type\":\"ReadAction\",\"target\":[\"https:\/\/academyclub.co\/en\/urun\/golang-go-programming-language-training\/\"]}]},{\"@type\":\"ImageObject\",\"inLanguage\":\"en-US\",\"@id\":\"https:\/\/academyclub.co\/en\/urun\/golang-go-programming-language-training\/#primaryimage\",\"url\":\"https:\/\/academyclub.co\/wp-content\/uploads\/2023\/02\/golang-e196159itimi.webp\",\"contentUrl\":\"https:\/\/academyclub.co\/wp-content\/uploads\/2023\/02\/golang-e196159itimi.webp\",\"width\":500,\"height\":700,\"caption\":\"GOLANG (Go Programming Language) Training\"},{\"@type\":\"BreadcrumbList\",\"@id\":\"https:\/\/academyclub.co\/en\/urun\/golang-go-programming-language-training\/#breadcrumb\",\"itemListElement\":[{\"@type\":\"ListItem\",\"position\":1,\"name\":\"Home page\",\"item\":\"https:\/\/academyclub.co\/en\/\"},{\"@type\":\"ListItem\",\"position\":2,\"name\":\"Products\",\"item\":\"https:\/\/academyclub.co\/en\/shop\/\"},{\"@type\":\"ListItem\",\"position\":3,\"name\":\"GOLANG (Go Programming Language) Training\"}]},{\"@type\":\"WebSite\",\"@id\":\"https:\/\/academyclub.co\/en\/#website\",\"url\":\"https:\/\/academyclub.co\/en\/\",\"name\":\"Academy Club\",\"description\":\"Your Innovative Education Solution Partner\",\"publisher\":{\"@id\":\"https:\/\/academyclub.co\/en\/#organization\"},\"potentialAction\":[{\"@type\":\"SearchAction\",\"target\":{\"@type\":\"EntryPoint\",\"urlTemplate\":\"https:\/\/academyclub.co\/en\/?s={search_term_string}\"},\"query-input\":{\"@type\":\"PropertyValueSpecification\",\"valueRequired\":true,\"valueName\":\"search_term_string\"}}],\"inLanguage\":\"en-US\"},{\"@type\":\"Organization\",\"@id\":\"https:\/\/academyclub.co\/en\/#organization\",\"name\":\"Academy Club\",\"url\":\"https:\/\/academyclub.co\/en\/\",\"logo\":{\"@type\":\"ImageObject\",\"inLanguage\":\"en-US\",\"@id\":\"https:\/\/academyclub.co\/en\/#\/schema\/logo\/image\/\",\"url\":\"https:\/\/academyclub.co\/wp-content\/uploads\/2022\/07\/academy-siyahAsset-16-1.png\",\"contentUrl\":\"https:\/\/academyclub.co\/wp-content\/uploads\/2022\/07\/academy-siyahAsset-16-1.png\",\"width\":570,\"height\":92,\"caption\":\"Academy Club\"},\"image\":{\"@id\":\"https:\/\/academyclub.co\/en\/#\/schema\/logo\/image\/\"},\"sameAs\":[\"https:\/\/www.facebook.com\/academyclubtr\/\",\"https:\/\/www.instagram.com\/academyclubtr\/?hl=tr\",\"https:\/\/www.linkedin.com\/company\/academy-clubtr\/\",\"https:\/\/discord.io\/academyclub\"]}]}<\/script>\n<!-- \/ Yoast SEO plugin. -->","yoast_head_json":{"title":"GOLANG (Go Programming Language) Training - Academy Club","description":"GOLANG, Go Programming Language, is a multi-platform programming language that was started to be developed by Google in 2007.","robots":{"index":"index","follow":"follow","max-snippet":"max-snippet:-1","max-image-preview":"max-image-preview:large","max-video-preview":"max-video-preview:-1"},"canonical":"https:\/\/academyclub.co\/en\/urun\/golang-go-programming-language-training\/","og_locale":"en_US","og_type":"article","og_title":"GOLANG (Go Programming Language) Training - Academy Club","og_description":"GOLANG, Go Programming Language, is a multi-platform programming language that was started to be developed by Google in 2007.","og_url":"https:\/\/academyclub.co\/en\/urun\/golang-go-programming-language-training\/","og_site_name":"Academy Club","article_publisher":"https:\/\/www.facebook.com\/academyclubtr\/","article_modified_time":"2026-01-19T16:48:19+00:00","og_image":[{"width":500,"height":700,"url":"https:\/\/academyclub.co\/wp-content\/uploads\/2023\/02\/golang-e196159itimi.webp","type":"image\/webp"}],"twitter_card":"summary_large_image","twitter_misc":{"Est. reading time":"5 minutes"},"schema":{"@context":"https:\/\/schema.org","@graph":[{"@type":"WebPage","@id":"https:\/\/academyclub.co\/en\/urun\/golang-go-programming-language-training\/","url":"https:\/\/academyclub.co\/en\/urun\/golang-go-programming-language-training\/","name":"GOLANG (Go Programming Language) Training - Academy Club","isPartOf":{"@id":"https:\/\/academyclub.co\/en\/#website"},"primaryImageOfPage":{"@id":"https:\/\/academyclub.co\/en\/urun\/golang-go-programming-language-training\/#primaryimage"},"image":{"@id":"https:\/\/academyclub.co\/en\/urun\/golang-go-programming-language-training\/#primaryimage"},"thumbnailUrl":"https:\/\/academyclub.co\/wp-content\/uploads\/2023\/02\/golang-e196159itimi.webp","datePublished":"2023-02-22T05:04:54+00:00","dateModified":"2026-01-19T16:48:19+00:00","description":"GOLANG, Go Programming Language, is a multi-platform programming language that was started to be developed by Google in 2007.","breadcrumb":{"@id":"https:\/\/academyclub.co\/en\/urun\/golang-go-programming-language-training\/#breadcrumb"},"inLanguage":"en-US","potentialAction":[{"@type":"ReadAction","target":["https:\/\/academyclub.co\/en\/urun\/golang-go-programming-language-training\/"]}]},{"@type":"ImageObject","inLanguage":"en-US","@id":"https:\/\/academyclub.co\/en\/urun\/golang-go-programming-language-training\/#primaryimage","url":"https:\/\/academyclub.co\/wp-content\/uploads\/2023\/02\/golang-e196159itimi.webp","contentUrl":"https:\/\/academyclub.co\/wp-content\/uploads\/2023\/02\/golang-e196159itimi.webp","width":500,"height":700,"caption":"GOLANG (Go Programming Language) Training"},{"@type":"BreadcrumbList","@id":"https:\/\/academyclub.co\/en\/urun\/golang-go-programming-language-training\/#breadcrumb","itemListElement":[{"@type":"ListItem","position":1,"name":"Home page","item":"https:\/\/academyclub.co\/en\/"},{"@type":"ListItem","position":2,"name":"Products","item":"https:\/\/academyclub.co\/en\/shop\/"},{"@type":"ListItem","position":3,"name":"GOLANG (Go Programming Language) Training"}]},{"@type":"WebSite","@id":"https:\/\/academyclub.co\/en\/#website","url":"https:\/\/academyclub.co\/en\/","name":"Academy Club","description":"Your Innovative Education Solution Partner","publisher":{"@id":"https:\/\/academyclub.co\/en\/#organization"},"potentialAction":[{"@type":"SearchAction","target":{"@type":"EntryPoint","urlTemplate":"https:\/\/academyclub.co\/en\/?s={search_term_string}"},"query-input":{"@type":"PropertyValueSpecification","valueRequired":true,"valueName":"search_term_string"}}],"inLanguage":"en-US"},{"@type":"Organization","@id":"https:\/\/academyclub.co\/en\/#organization","name":"Academy Club","url":"https:\/\/academyclub.co\/en\/","logo":{"@type":"ImageObject","inLanguage":"en-US","@id":"https:\/\/academyclub.co\/en\/#\/schema\/logo\/image\/","url":"https:\/\/academyclub.co\/wp-content\/uploads\/2022\/07\/academy-siyahAsset-16-1.png","contentUrl":"https:\/\/academyclub.co\/wp-content\/uploads\/2022\/07\/academy-siyahAsset-16-1.png","width":570,"height":92,"caption":"Academy Club"},"image":{"@id":"https:\/\/academyclub.co\/en\/#\/schema\/logo\/image\/"},"sameAs":["https:\/\/www.facebook.com\/academyclubtr\/","https:\/\/www.instagram.com\/academyclubtr\/?hl=tr","https:\/\/www.linkedin.com\/company\/academy-clubtr\/","https:\/\/discord.io\/academyclub"]}]}},"_links":{"self":[{"href":"https:\/\/academyclub.co\/en\/wp-json\/wp\/v2\/product\/108568","targetHints":{"allow":["GET"]}}],"collection":[{"href":"https:\/\/academyclub.co\/en\/wp-json\/wp\/v2\/product"}],"about":[{"href":"https:\/\/academyclub.co\/en\/wp-json\/wp\/v2\/types\/product"}],"wp:featuredmedia":[{"embeddable":true,"href":"https:\/\/academyclub.co\/en\/wp-json\/wp\/v2\/media\/108979"}],"wp:attachment":[{"href":"https:\/\/academyclub.co\/en\/wp-json\/wp\/v2\/media?parent=108568"}],"wp:term":[{"taxonomy":"product_brand","embeddable":true,"href":"https:\/\/academyclub.co\/en\/wp-json\/wp\/v2\/product_brand?post=108568"},{"taxonomy":"product_cat","embeddable":true,"href":"https:\/\/academyclub.co\/en\/wp-json\/wp\/v2\/product_cat?post=108568"},{"taxonomy":"product_tag","embeddable":true,"href":"https:\/\/academyclub.co\/en\/wp-json\/wp\/v2\/product_tag?post=108568"}],"curies":[{"name":"wp","href":"https:\/\/api.w.org\/{rel}","templated":true}]}}